{"id":2497,"date":"2024-03-12T13:26:12","date_gmt":"2024-03-12T12:26:12","guid":{"rendered":"https:\/\/biodiversitynode.com\/privacy-policy\/"},"modified":"2025-01-14T15:04:06","modified_gmt":"2025-01-14T14:04:06","slug":"privacy-policy","status":"publish","type":"page","link":"https:\/\/biodiversitynode.com\/es\/privacy-policy\/","title":{"rendered":"Pol\u00edtica de privacidad"},"content":{"rendered":"\n<h2 class=\"wp-block-heading\">Titular del sitio web<\/h2>\n\n\n\n<ul class=\"wp-block-list\">\n<li>Denominaci\u00f3n social: Biodiversity Node SL<\/li>\n\n\n\n<li>CIF: B88013040<\/li>\n\n\n\n<li>Domicilio social: Sector Foresta 17, 28760 Tres Cantos , Madrid<\/li>\n\n\n\n<li>Actividad: Servicios relacionados con la gesti\u00f3n del impacto ambiental y social<\/li>\n\n\n\n<li>Correo electr\u00f3nico: <a href=\"mailto:lopd@biodiversitynode.com\">lopd@biodiversitynode.com<\/a><\/li>\n\n\n\n<li>P\u00e1ginas de Biodiversity Node SL <a href=\"https:\/\/biodiversitynode.com\/es\/\">https:\/\/biodiversitynode.com\/<\/a>&nbsp;(en adelante \u00abNuestro sitio web\u00bb)<\/li>\n\n\n\n<li>Finalidad del sitio web: Informaci\u00f3n y contacto<\/li>\n<\/ul>\n\n\n\n<h2 class=\"wp-block-heading\">Responsable del tratamiento de los datos (responsable)<\/h2>\n\n\n\n<p>Biodiversity Node SL, email de contacto: <a href=\"mailto:lopd@biodiversitynode.com\">lopd@biodiversitynode.com<\/a>.<\/p>\n\n\n\n<h2 class=\"wp-block-heading\">Qu\u00e9 informaci\u00f3n recabamos y para qu\u00e9 se utiliza (finalidad)<\/h2>\n\n\n\n<p>La finalidad del tratamiento de estos datos ser\u00e1 \u00fanicamente la de prestarte la informaci\u00f3n o servicios que nos solicites.<\/p>\n\n\n\n<p>Los datos de car\u00e1cter personal que puedan recabarse a trav\u00e9s de esta p\u00e1gina web ser\u00e1n tratados con las finalidades establecidas a continuaci\u00f3n:<\/p>\n\n\n\n<ul class=\"wp-block-list\">\n<li>Formulario de contacto. Los datos que nos facilites a trav\u00e9s de los formularios \u201ccontacto\u201d de este sitio web ser\u00e1n tratados con la finalidad de contestar las cuestiones que nos plantees a trav\u00e9s de dicho formulario.<\/li>\n\n\n\n<li>Registro de usuarios: No se admiten altas de usuarios.<\/li>\n<\/ul>\n\n\n\n<p>Web y hosting: \u00abNuestro sitio web\u00bb cuenta con cifrado SSL TLS v.1.2 que permite el env\u00edo seguro de datos personales a trav\u00e9s de formularios de contacto de tipo est\u00e1ndar, alojados en los servidores que contratados a Hostinger.<\/p>\n\n\n\n<p>Datos recabados a trav\u00e9s de la web: Los datos personales recogidos ser\u00e1n objeto de tratamiento automatizado e incorporados a los correspondientes ficheros de los que Biodiversity Node SL es titular.<\/p>\n\n\n\n<ul class=\"wp-block-list\">\n<li>Tu IP, que ser\u00e1 usada para comprobar el origen del mensaje con objeto de ofrecerte informaci\u00f3n, protecci\u00f3n contra comentarios SPAM y para detectar posibles irregularidades as\u00ed como datos relativos a su ISP.<\/li>\n\n\n\n<li>Asimismo, podr\u00e1s facilitarnos tus datos a trav\u00e9s de email y otros medios de que indicamos en la secci\u00f3n de contacto y otros formularios en \u00abNuestro sitio web\u00bb.<\/li>\n<\/ul>\n\n\n\n<h2 class=\"wp-block-heading\">Conservaci\u00f3n de los datos<\/h2>\n\n\n\n<p>Datos desagregados: Los datos desagregados ser\u00e1n conservados sin plazo de supresi\u00f3n.<\/p>\n\n\n\n<p>Datos de los clientes de la tienda online: El periodo de conservaci\u00f3n de los datos personales variar\u00e1 en funci\u00f3n del servicio que contrates en \u00abNuestro sitio web\u00bb. En cualquier caso, ser\u00e1 el m\u00ednimo necesario, pudiendo mantenerse hasta:<\/p>\n\n\n\n<ul class=\"wp-block-list\">\n<li>4 a\u00f1os: Ley sobre Infracciones y Sanciones en el Orden Social (obligaciones en materia de afiliaci\u00f3n, altas, bajas, cotizaci\u00f3n, pago de salarios\u2026); Arts. 66 y sig. Ley General Tributaria (libros de contabilidad\u2026)<\/li>\n\n\n\n<li>5 a\u00f1os: Art. 1964 C\u00f3digo Civil (acciones personales sin plazo especial)<\/li>\n\n\n\n<li>6 a\u00f1os: Art. 30 C\u00f3digo de Comercio (libros de contabilidad, facturas\u2026)<\/li>\n\n\n\n<li>10 a\u00f1os: Art. 25 Ley de Prevenci\u00f3n del Blanqueo de Capitales y Financiaci\u00f3n del Terrorismo.<\/li>\n<\/ul>\n\n\n\n<p>Datos de los suscriptores al feed por e-mail: Desde que el usuario se suscribe hasta que se da de baja.<\/p>\n\n\n\n<p>Datos de los suscriptores a la newsletter: Desde que el usuario se suscribe hasta que se da de baja.<\/p>\n\n\n\n<p>Datos de usuarios subidos por Biodiversity Node SL a p\u00e1ginas y perfiles en redes sociales: Desde que el usuario ofrece su consentimiento hasta que lo retira.<\/p>\n\n\n\n<h2 class=\"wp-block-heading\">Secreto y seguridad de los datos<\/h2>\n\n\n\n<p>Biodiversity Node SL se compromete en la utilizaci\u00f3n de los datos, a respetar su confidencialidad y a utilizarlos de acuerdo con la finalidad de los mismos, as\u00ed como a dar cumplimiento a su obligaci\u00f3n de guardarlos y adaptar todas las medidas para evitar la alteraci\u00f3n, p\u00e9rdida, tratamiento o acceso no autorizado, de conformidad con lo establecido en el Real Decreto 1720\/2007 de 21 de diciembre por el que se aprueba el Reglamento de desarrollo de la Ley Org\u00e1nica 15\/1999 de 13 de diciembre, de Protecci\u00f3n de Datos de Car\u00e1cter Personal. T\u00fa garantizas que los datos personales facilitados a trav\u00e9s de los formulario son veraces, quedando obligado a comunicar cualquier modificaci\u00f3n de los mismos.<\/p>\n\n\n\n<p>Igualmente, garantizas que toda la informaci\u00f3n facilitada corresponde con tu situaci\u00f3n real, que est\u00e1 puesta al d\u00eda y es exacta. T\u00fa eres el \u00fanico responsable de la exactitud o falsedad de los datos facilitados y de los perjuicios que pueda causar por ello a Biodiversity Node SL como titular de o a terceros con motivo de la utilizaci\u00f3n de dichos datos.<\/p>\n\n\n\n<h2 class=\"wp-block-heading\">Brechas de seguridad<\/h2>\n\n\n\n<p>\u00abNuestro sitio web\u00bb adopta medidas de seguridad adecuadas para detectar la existencia de virus, ataques de fuerza bruta e inyecciones de c\u00f3digo malicioso.<\/p>\n\n\n\n<p>No obstante, debes ser consciente de que las medidas de seguridad de los sistemas inform\u00e1ticos en Internet no son infalibles y que, por tanto Biodiversity Node SL no puede garantizar la inexistencia de virus u otros elementos que puedan producir alteraciones en los sistemas inform\u00e1ticos (software y hardware) del usuario o en sus documentos electr\u00f3nicos y ficheros contenidos en los mismos.<\/p>\n\n\n\n<p>A pesar de ello y para tratar de garantizar la seguridad y privacidad de tus datos personales, Disponemos de un sistema de vigilancia de seguridad activo que informa de cada actividad de los usuarios y posibles brechas en la seguridad de los datos de los usuarios. En caso de detectarse alguna brecha nos comprometemos a informar a los usuarios en el plazo m\u00e1ximo de 72 horas.<\/p>\n\n\n\n<h2 class=\"wp-block-heading\">Legitimaci\u00f3n del tratamiento de los datos<\/h2>\n\n\n\n<p>Podemos tratar tus datos gracias a que nos das tu consentimiento al marcar el check box de aceptaci\u00f3n de la presente pol\u00edtica de privacidad y en funci\u00f3n de las finalidades que te indicamos m\u00e1s arriba. Te pedidos que la informaci\u00f3n que facilites deber\u00e1 ser veraz porque a la hora de facilitar datos personales garantizas la autenticidad de dichos datos para evitar cualquier perjuicio a Biodiversity Node SL por facilitar datos falsos o de terceros.<\/p>\n\n\n\n<h2 class=\"wp-block-heading\">Destinatarios de los datos<\/h2>\n\n\n\n<p>Los datos personales obtenidos a trav\u00e9s de \u00abNuestro sitio web\u00bb no van a ser comunicados a terceros.<\/p>\n\n\n\n<h2 class=\"wp-block-heading\">Derechos de protecci\u00f3n de datos<\/h2>\n\n\n\n<p>C\u00f3mo ejercitar tus derechos: Puedes realizar una comunicaci\u00f3n escrita al domicilio social de Biodiversity Node SL o a la direcci\u00f3n de correo electr\u00f3nico <a href=\"mailto:lopd@biodiversitynode.com\">lopd@biodiversitynode.com<\/a>, incluyendo en cualquier caso fotocopia de tu DNI u otro documento que te identifique, para solicitar el ejercicio de los siguientes derechos:<\/p>\n\n\n\n<ul class=\"wp-block-list\">\n<li>Derecho a solicitar el acceso a los datos personales: puedes preguntarnos si estamos tratando tus datos personales.<\/li>\n\n\n\n<li>Derecho a solicitar su rectificaci\u00f3n en caso de que sean incorrectos.<\/li>\n\n\n\n<li>Derecho a solicitar la limitaci\u00f3n de su tratamiento, en cuyo caso \u00fanicamente los conservaremos para el ejercicio o la defensa de reclamaciones.<\/li>\n\n\n\n<li>Derecho a oponerte al tratamiento: Biodiversity Node SL dejar\u00e1 de tratar los datos en la forma que indiques, salvo que por motivos leg\u00edtimos imperiosos, obligaciones fiscales, el ejercicio o la defensa de posibles reclamaciones se tengan que seguir tratando.<\/li>\n\n\n\n<li>Derecho a la portabilidad de los datos: en caso de que quieras que tus datos sean tratados por otro responsable, te facilitaremos la portabilidad de tus datos al nuevo responsable.<\/li>\n\n\n\n<li>Derecho al borrado de los datos: salvo imperativo legal se borrar\u00e1n tras tu petici\u00f3n y confirmaci\u00f3n.<\/li>\n<\/ul>\n\n\n\n<p>Modelos, formularios y m\u00e1s informaci\u00f3n sobre tus derechos:&nbsp;<a href=\"https:\/\/www.aepd.es\/index.html\" target=\"_blank\" rel=\"noreferrer noopener\">P\u00e1gina oficial de la Agencia Espa\u00f1ola de Protecci\u00f3n de Datos<\/a>.<\/p>\n\n\n\n<p>Posibilidad de retirar el consentimiento: en el caso de que hayas otorgado el consentimiento para alguna finalidad espec\u00edfica, tienes derecho a retirarlo en cualquier momento, sin que ello afecte a la licitud del tratamiento basado en el consentimiento previo a su retirada.<\/p>\n\n\n\n<p>C\u00f3mo reclamar ante la Autoridad de Control: Si consideras que hay un problema con la forma en que estamos manejando tus datos, puedes dirigir tus reclamaciones al Responsable de Seguridad de indicado arriba o a la autoridad de protecci\u00f3n de datos correspondiente, siendo la&nbsp;<a href=\"https:\/\/www.agpd.es\/\" target=\"_blank\" rel=\"noreferrer noopener\">Agencia Espa\u00f1ola de Protecci\u00f3n de Datos<\/a>, la entidad competente en el caso de Espa\u00f1a.<\/p>\n\n\n\n<h2 class=\"wp-block-heading\">Contenido incrustado desde otras webs<\/h2>\n\n\n\n<p>Nuestro sitio web puede incluir contenido incrustado como v\u00eddeos, im\u00e1genes, art\u00edculos, etc.<br>El contenido incrustado desde otras webs se comporta del mismo modo que si el visitante ha visitado la otra web. Estas webs pueden recopilar datos sobre ti, usar cookies, incrustar seguimiento de terceros, y vigilar tu interacci\u00f3n con el contenido incrustado, incluido el seguimiento de tu interacci\u00f3n con el contenido incrustado si tienes una cuenta o est\u00e1s conectado a esa web.<\/p>\n\n\n\n<h2 class=\"wp-block-heading\">Enlaces<\/h2>\n\n\n\n<p>Desde este Sitio puede haber enlaces a sitios webs de terceros. En esos casos, no nos responsabilizamos de las pol\u00edticas de privacidad que dichos terceros puedan llevar a cabo sobre los datos de car\u00e1cter personal que recaban. Te recomendamos que leas las pol\u00edticas de privacidad de dichos sitios.<\/p>\n\n\n\n<h2 class=\"wp-block-heading\">Redes sociales<\/h2>\n\n\n\n<ul class=\"wp-block-list\">\n<li>Presencia en redes: Contamos con perfiles en algunas de las principales redes sociales de Internet.<\/li>\n\n\n\n<li>Finalidad y legitimaci\u00f3n: El tratamiento que llevaremos a cabo con los datos dentro de cada una de las referidas redes ser\u00e1, como m\u00e1ximo, el que la red social permita a los perfiles corporativos. As\u00ed pues, podremos informar, cuando la ley no lo proh\u00edba, a sus seguidores por cualquier v\u00eda que la red social permita sobre sus actividades, ponencias, ofertas, as\u00ed como prestar servicio personalizado de atenci\u00f3n al cliente.<\/li>\n\n\n\n<li>Extracci\u00f3n de datos: En ning\u00fan caso extraeremos datos de las redes sociales, a menos que se obtuviera puntual y expresamente el consentimiento del usuario para ello.<\/li>\n\n\n\n<li>Derechos: Cuando, debido a la propia naturaleza de las redes sociales, el ejercicio efectivo de los derechos de protecci\u00f3n de datos del seguidor quede supeditado a la modificaci\u00f3n del perfil personal de este, te podremos aconsejar en la medida de nuestras posibilidades.<\/li>\n<\/ul>\n\n\n\n<h2 class=\"wp-block-heading\">Compromisos y obligaciones con nuestros usuarios<\/h2>\n\n\n\n<p>El acceso y\/o uso de \u00abNuestro sitio web\u00bb atribuye a quien lo realiza la condici\u00f3n de usuario, aceptando, desde este mismo momento, plenamente el presente aviso legal.<\/p>\n\n\n\n<p>En la utilizaci\u00f3n de \u00abNuestro sitio web\u00bb el usuario se compromete a no llevar a cabo ninguna conducta que pudiera da\u00f1ar la imagen, los intereses y los derechos de Biodiversity Node SL o de terceros o que pudiera da\u00f1ar, inutilizar o sobrecargar \u00abNuestro sitio web\u00bb.<\/p>\n\n\n\n<h2 class=\"wp-block-heading\">Vigencia y modificaci\u00f3n de la presente pol\u00edtica de protecci\u00f3n de datos<\/h2>\n\n\n\n<p>La presente pol\u00edtica de privacidad est\u00e1 vigente desde el 10-01-2025. Biodiversity Node SL se reserva el derecho de modificar su pol\u00edtica de privacidad en el supuesto de que exista un cambio de la legislaci\u00f3n vigente, doctrina jurisprudencial o por criterios propios empresariales. Si se introdujese alg\u00fan cambio en esta pol\u00edtica el nuevo texto, se publicar\u00e1 en esta misma direcci\u00f3n.<\/p>\n","protected":false},"excerpt":{"rendered":"<p>Titular del sitio web Responsable del tratamiento de los datos (responsable) Biodiversity Node SL, email de contacto: lopd@biodiversitynode.com. Qu\u00e9 informaci\u00f3n recabamos y para qu\u00e9 se utiliza (finalidad) La finalidad del tratamiento de estos datos ser\u00e1 \u00fanicamente la de prestarte la informaci\u00f3n o servicios que nos solicites. Los datos de car\u00e1cter personal que puedan recabarse a [&hellip;]<\/p>\n","protected":false},"author":3,"featured_media":0,"parent":0,"menu_order":0,"comment_status":"closed","ping_status":"closed","template":"template-legal.php","meta":{"_acf_changed":false,"_uag_custom_page_level_css":"","site-sidebar-layout":"default","site-content-layout":"","ast-site-content-layout":"default","site-content-style":"default","site-sidebar-style":"default","ast-global-header-display":"","ast-banner-title-visibility":"","ast-main-header-display":"","ast-hfb-above-header-display":"","ast-hfb-below-header-display":"","ast-hfb-mobile-header-display":"","site-post-title":"","ast-breadcrumbs-content":"","ast-featured-img":"","footer-sml-layout":"","ast-disable-related-posts":"","theme-transparent-header-meta":"","adv-header-id-meta":"","stick-header-meta":"","header-above-stick-meta":"","header-main-stick-meta":"","header-below-stick-meta":"","astra-migrate-meta-layouts":"set","ast-page-background-enabled":"default","ast-page-background-meta":{"desktop":{"background-color":"var(--ast-global-color-4)","background-image":"","background-repeat":"repeat","background-position":"center center","background-size":"auto","background-attachment":"scroll","background-type":"","background-media":"","overlay-type":"","overlay-color":"","overlay-opacity":"","overlay-gradient":""},"tablet":{"background-color":"","background-image":"","background-repeat":"repeat","background-position":"center center","background-size":"auto","background-attachment":"scroll","background-type":"","background-media":"","overlay-type":"","overlay-color":"","overlay-opacity":"","overlay-gradient":""},"mobile":{"background-color":"","background-image":"","background-repeat":"repeat","background-position":"center center","background-size":"auto","background-attachment":"scroll","background-type":"","background-media":"","overlay-type":"","overlay-color":"","overlay-opacity":"","overlay-gradient":""}},"ast-content-background-meta":{"desktop":{"background-color":"var(--ast-global-color-5)","background-image":"","background-repeat":"repeat","background-position":"center center","background-size":"auto","background-attachment":"scroll","background-type":"","background-media":"","overlay-type":"","overlay-color":"","overlay-opacity":"","overlay-gradient":""},"tablet":{"background-color":"var(--ast-global-color-5)","background-image":"","background-repeat":"repeat","background-position":"center center","background-size":"auto","background-attachment":"scroll","background-type":"","background-media":"","overlay-type":"","overlay-color":"","overlay-opacity":"","overlay-gradient":""},"mobile":{"background-color":"var(--ast-global-color-5)","background-image":"","background-repeat":"repeat","background-position":"center center","background-size":"auto","background-attachment":"scroll","background-type":"","background-media":"","overlay-type":"","overlay-color":"","overlay-opacity":"","overlay-gradient":""}},"footnotes":""},"class_list":["post-2497","page","type-page","status-publish","hentry"],"acf":[],"spectra_custom_meta":{"_wp_page_template":["template-legal.php"],"_wpml_word_count":["{\"total\":1655,\"to_translate\":{\"es\":1655}}"],"rank_math_internal_links_processed":["1"],"_uag_custom_page_level_css":[""],"ast-site-content-layout":["default"],"theme-transparent-header-meta":[""],"adv-header-id-meta":[""],"stick-header-meta":[""],"astra-migrate-meta-layouts":["set"],"footnotes":[""],"cmplz_hide_cookiebanner":[""],"_wpml_media_duplicate":["1"],"_wpml_media_featured":["1"],"_cmplz_scanned_post":["1"],"rank_math_seo_score":["23"],"_wpml_location_migration_done":["1"],"_wpml_post_translation_editor_native":["yes"],"_edit_lock":["1736863621:3"],"_last_translation_edit_mode":["native-editor"],"_edit_last":["3"],"_uag_css_file_name":["uag-css-2497.css"]},"uagb_featured_image_src":{"full":false,"thumbnail":false,"medium":false,"medium_large":false,"large":false,"1536x1536":false,"2048x2048":false,"gform-image-choice-sm":false,"gform-image-choice-md":false,"gform-image-choice-lg":false},"uagb_author_info":{"display_name":"Pablo","author_link":"https:\/\/biodiversitynode.com\/es\/author\/pablo\/"},"uagb_comment_info":0,"uagb_excerpt":"Titular del sitio web Responsable del tratamiento de los datos (responsable) Biodiversity Node SL, email de contacto: lopd@biodiversitynode.com. Qu\u00e9 informaci\u00f3n recabamos y para qu\u00e9 se utiliza (finalidad) La finalidad del tratamiento de estos datos ser\u00e1 \u00fanicamente la de prestarte la informaci\u00f3n o servicios que nos solicites. Los datos de car\u00e1cter personal que puedan recabarse a&hellip;","_links":{"self":[{"href":"https:\/\/biodiversitynode.com\/es\/wp-json\/wp\/v2\/pages\/2497","targetHints":{"allow":["GET"]}}],"collection":[{"href":"https:\/\/biodiversitynode.com\/es\/wp-json\/wp\/v2\/pages"}],"about":[{"href":"https:\/\/biodiversitynode.com\/es\/wp-json\/wp\/v2\/types\/page"}],"author":[{"embeddable":true,"href":"https:\/\/biodiversitynode.com\/es\/wp-json\/wp\/v2\/users\/3"}],"replies":[{"embeddable":true,"href":"https:\/\/biodiversitynode.com\/es\/wp-json\/wp\/v2\/comments?post=2497"}],"version-history":[{"count":2,"href":"https:\/\/biodiversitynode.com\/es\/wp-json\/wp\/v2\/pages\/2497\/revisions"}],"predecessor-version":[{"id":2583,"href":"https:\/\/biodiversitynode.com\/es\/wp-json\/wp\/v2\/pages\/2497\/revisions\/2583"}],"wp:attachment":[{"href":"https:\/\/biodiversitynode.com\/es\/wp-json\/wp\/v2\/media?parent=2497"}],"curies":[{"name":"wp","href":"https:\/\/api.w.org\/{rel}","templated":true}]}}