{"id":2495,"date":"2024-03-12T13:26:38","date_gmt":"2024-03-12T12:26:38","guid":{"rendered":"https:\/\/biodiversitynode.com\/legal-advice\/"},"modified":"2025-01-10T14:27:21","modified_gmt":"2025-01-10T13:27:21","slug":"legal-advice","status":"publish","type":"page","link":"https:\/\/biodiversitynode.com\/es\/legal-advice\/","title":{"rendered":"Aviso legal"},"content":{"rendered":"\n<p>El presente aviso legal incluye las condiciones de uso que regulan el acceso, navegaci\u00f3n y uso de la Web de Biodiversity Node SL, ubicada en la URL\u00a0<a href=\"https:\/\/biodiversitynode.com\/es\/\">https:\/\/biodiversitynode.com\/<\/a><\/p>\n\n\n\n<h2 class=\"wp-block-heading\">1. Titularidad<\/h2>\n\n\n\n<ul class=\"wp-block-list\">\n<li>Titular: Biodiversity Node SL<\/li>\n\n\n\n<li>CIF: B88013040<\/li>\n\n\n\n<li>Domicilio social: Sector Foresta 17, 28760 Tres Cantos , Madrid<\/li>\n\n\n\n<li>Actividad: Servicios relacionados con la gesti\u00f3n del impacto ambiental y social<\/li>\n\n\n\n<li>Correo electr\u00f3nico: <a href=\"mailto:lopd@biodiversitynode.com\">lopd@biodiversitynode.com<\/a><\/li>\n<\/ul>\n\n\n\n<h2 class=\"wp-block-heading\">2. Condiciones, objeto y \u00e1mbito de aplicaci\u00f3n<\/h2>\n\n\n\n<p>El sitio Web de Biodiversity Node SL ha sido dispuesto por Biodiversity Node SL (en adelante Biodiversity Node) para permitir a las personas que as\u00ed lo deseen, acceder y realizar a trav\u00e9s de internet b\u00fasquedas o consultas relacionadas con Biodiversity Node y sobre los inmuebles y servicios que ofrece.<\/p>\n\n\n\n<p>Este aviso legal regula el acceso, navegaci\u00f3n y uso del sitio Web, independientemente de las condiciones particulares y espec\u00edficas que Biodiversity Node establezca para la utilizaci\u00f3n, reserva y\/o contrataci\u00f3n de productos o servicios espec\u00edficos.<\/p>\n\n\n\n<p>La utilizaci\u00f3n de la Web por un tercero le atribuye la condici\u00f3n de Usuario y supone su aceptaci\u00f3n plena, de todas y cada una de las condiciones que se incorporan en el presente aviso legal. En este sentido, se entender\u00e1 por Usuario, la persona que acceda navegue, utilice o participe en los servicios y actividades, gratuitas u onerosas, desarrolladas en esta Web. La mera utilizaci\u00f3n de esta web por parte del Usuario implica la adhesi\u00f3n de \u00e9ste a las condiciones generales que Biodiversity Node tenga publicadas en cada momento en el que acceda a <a href=\"https:\/\/biodiversitynode.com\/es\/\">https:\/\/biodiversitynode.com\/<\/a><\/p>\n\n\n\n<p>Queda prohibido el acceso al Sitio Web por parte de menores de edad e incapaces civiles, salvo que cuente con la autorizaci\u00f3n previa y expresa de sus padres, tutores o representantes legales, los cuales ser\u00e1n considerados responsables de los actos que lleven a cabo los menores o incapaces civiles a su cargo, conforme a la normativa vigente. En todo caso, se presumir\u00e1 que los accesos realizados por menores o incapaces civiles al sitio Web se ha realizado con autorizaci\u00f3n previa y expresa de sus padres, tutores o representantes legales.<\/p>\n\n\n\n<p>El usuario del sitio web responder\u00e1 de la exactitud, actualizaci\u00f3n y veracidad de los contenidos, opiniones y datos que proporcione, en su caso, eximi\u00e9ndose a Biodiversity Node de cualquier responsabilidad por datos err\u00f3neos, inexactos, falsos o referidos a una persona distinta de quien los suministra. En cualquier caso, Biodiversity Node se reserva el derecho a retirar cuantos elementos proporcionados por el usuario pudieran, a su juicio, infringir disposiciones legales o reglamentarias o derechos de terceros.<\/p>\n\n\n\n<p>Se proh\u00edbe la reproducci\u00f3n, uso comercial, distribuci\u00f3n o modificaci\u00f3n de cualquier contenido incluido en este sitio web (incluyendo sin car\u00e1cter limitativo los textos, informaciones, documentos, dibujos, dise\u00f1os, gr\u00e1ficos, im\u00e1genes, o archivos de sonido o de cualquier otra clase) sin la autorizaci\u00f3n expresa del Biodiversity Node.<\/p>\n\n\n\n<p>En caso de que el usuario, aportara datos de car\u00e1cter personal de terceros o de otro tipo, \u00e9ste declara, garantiza y acepta que tiene derecho a hacerlo libremente, que no infringe ning\u00fan derecho de terceros, que dicha informaci\u00f3n no tiene car\u00e1cter confidencial ni es perjudicial para terceros. El usuario reconoce asumir la responsabilidad y mantendr\u00e1 indemne a Biodiversity Node por cualquier comunicaci\u00f3n que suministre en este \u00e1mbito.<\/p>\n\n\n\n<p>Si el usuario tuviera conocimiento de la existencia de alg\u00fan contenido il\u00edcito, contrario a las leyes, la moral o las buenas costumbres o que pudieran suponer cualquier tipo de infracci\u00f3n, deber\u00e1 notificarlo inmediatamente a Biodiversity Node para que esta pueda proceder a adoptar las medidas oportunas.<\/p>\n\n\n\n<h2 class=\"wp-block-heading\">3. Responsabilidades y garant\u00edas<\/h2>\n\n\n\n<p>El uso de esta p\u00e1gina se realiza bajo la exclusiva responsabilidad del usuario. Biodiversity Node no se hace responsable de cualquier da\u00f1o o perjuicio ocasionado al usuario como consecuencia de la falta de acceso al sitio web o su falta de actualizaci\u00f3n, su fiabilidad, la posible vulnerabilidad del sitio web y de las medidas de seguridad, de la existencia de virus o programas lesivos, ni como consecuencia de la falta de adecuaci\u00f3n para satisfacer necesidades concretas del usuario.<\/p>\n\n\n\n<p>Biodiversity Node, no obstante, adopta todas las medidas necesarias dentro de sus posibilidades y tecnolog\u00edas disponibles para garantizar el correcto funcionamiento del Sitio Web y evitar la transmisi\u00f3n de virus u otros componentes lesivos.<\/p>\n\n\n\n<p>Los posibles enlaces en el Sitio Web a otras p\u00e1ginas mediante diferentes botones, links, banners, etc., est\u00e1n gestionados por terceros. Biodiversity Node no tiene medios ni facultad para conocer, controlar ni aprobar toda la informaci\u00f3n, contenidos, productos o servicios facilitados por otros sitios web que existan enlaces. Por lo que no podr\u00e1 sumir responsabilidad alguna sobre las mismas. Si los usuarios tuvieran conocimiento efectivo de la ilicitud de las actividades desarrolladas a trav\u00e9s de dichas p\u00e1ginas web de terceros, deber\u00e1n comunicarlo inmediatamente a Biodiversity Node a efectos de deshabilitar el enlace y tomar las medidas oportunas.<\/p>\n\n\n\n<p>Uso de Redes sociales, la vinculaci\u00f3n con redes sociales a trav\u00e9s de este portal no forma parte de los procedimientos de negocio del sistema. El usuario es responsable del uso final en estas herramientas.<\/p>\n\n\n\n<h2 class=\"wp-block-heading\">4. Propiedad intelectual e industrial<\/h2>\n\n\n\n<p>Biodiversity Node es propietario o mantiene licencias de todos los derechos de propiedad intelectual sobre cualesquiera contenidos de este sitio web, encontr\u00e1ndose protegidos por las leyes espa\u00f1olas, de la Uni\u00f3n Europea e Internacionales.<\/p>\n\n\n\n<p>El uso de del Sitio Web no supone renuncia, transmisi\u00f3n, licencia o cesi\u00f3n de dichos derechos. Se reservan todos los derechos de propiedad intelectual e industrial, quedando prohibido modificar, copiar, reutilizar, explotar, reproducir, transformar, comunicar p\u00fablicamente, hacer segundas o posteriores publicaciones, cargar archivos, enviar por correo, transmitir, usar, tratar o distribuir de cualquier forma la totalidad o parte de los contenidos y productos incluidos en el Sitio Web para prop\u00f3sitos p\u00fablicos o comerciales, si no se cuenta con la autorizaci\u00f3n expresa y por escrito de Biodiversity Node o, en su caso, del titular de los derechos a que corresponda.<\/p>\n\n\n\n<p>Si cualquier Usuario, entidad o sitio web deseara establecer alg\u00fan tipo de enlace con destino al Sitio Web deber\u00e1 atenerse a las siguientes estipulaciones: El enlace solamente se podr\u00e1 dirigir a la p\u00e1gina principal o home del Sitio Web, salvo autorizaci\u00f3n expresa y por escrito de Biodiversity Node.<\/p>\n\n\n\n<p>Los enlaces de terceros al Sitio Web de Biodiversity Node, salvo autorizaci\u00f3n expresa s\u00f3lo podr\u00e1 dirigirse a la p\u00e1gina principal o home del Sitio Web y debe ser absoluto y completo. En ning\u00fan caso, salvo autorizaci\u00f3n expresa y por escrito, el sitio web que realiza el enlace podr\u00e1 reproducir, de cualquier manera, el Sitio Web, incluirlo como parte de su web o dentro de uno de sus \u201cframes\u201d o crear un \u201cbrowser\u201d sobre cualquiera de las p\u00e1ginas del Sitio Web.<\/p>\n\n\n\n<p>No se podr\u00e1 declarar de ninguna manera que Biodiversity Node ha autorizado tal enlace, ni incluir en su p\u00e1gina web la marca, denominaci\u00f3n, nombre comercial, r\u00f3tulo, logotipo, slogan o cualquier otro tipo de elemento identificativo, salvo autorizaci\u00f3n expresa y por escrito.<\/p>\n\n\n\n<p>No se autoriza el establecimiento de enlaces desde p\u00e1ginas web que contengan materiales, informaci\u00f3n o contenidos il\u00edcitos, inmorales degradantes, obscenos, o que contravengan el orden p\u00fablico o las normas sociales generalmente aceptadas.<\/p>\n\n\n\n<h2 class=\"wp-block-heading\">5. Vigencia, legislaci\u00f3n aplicable y jurisdicci\u00f3n<\/h2>\n\n\n\n<p>La vigencia del aviso legal coincide con el tiempo de su exposici\u00f3n en el Sitio Web, pudiendo ser libremente modificado total o parcialmente por Biodiversity Node, momento a partir del cual, el aviso legal modificado pasar\u00e1 a tener vigencia. Pudiendo Biodiversity Node dar por terminado, suspender o interrumpir en cualquier momento, sin necesidad de preaviso, el acceso al Sitio WEB o a sus contenidos sin posibilidad por parte del usuario de exigir indemnizaci\u00f3n alguna.<\/p>\n\n\n\n<p>En el caso de que cualquier disposici\u00f3n de este Aviso legal fuera considerada nula o inaplicable, en su totalidad o en parte, por cualquier Juzgado, Tribunal u \u00f3rgano administrativo competente, dicha nulidad o inaplicaci\u00f3n no afectar\u00e1 a las otras disposiciones del presente Aviso legal. El no ejercicio o ejecuci\u00f3n por parte de Biodiversity Node de cualquier derecho o disposici\u00f3n contenida en este Aviso legal no constituir\u00e1 una renuncia al mismo, salvo su reconocimiento expreso por escrito<\/p>\n\n\n\n<p>Las condiciones expuestas se rigen por la legislaci\u00f3n espa\u00f1ola. Biodiversity Node, y el usuario, renunciando expresamente a otro fuero que por ley pudiera corresponderles, se someten expresamente a la jurisdicci\u00f3n de los juzgados y tribunales de la ciudad de Madrid para cualquier conflicto que pueda originarse en relaci\u00f3n con este sitio web.<\/p>\n","protected":false},"excerpt":{"rendered":"<p>El presente aviso legal incluye las condiciones de uso que regulan el acceso, navegaci\u00f3n y uso de la Web de Biodiversity Node SL, ubicada en la URL\u00a0https:\/\/biodiversitynode.com\/ 1. Titularidad 2. Condiciones, objeto y \u00e1mbito de aplicaci\u00f3n El sitio Web de Biodiversity Node SL ha sido dispuesto por Biodiversity Node SL (en adelante Biodiversity Node) para [&hellip;]<\/p>\n","protected":false},"author":3,"featured_media":0,"parent":0,"menu_order":0,"comment_status":"closed","ping_status":"closed","template":"template-legal.php","meta":{"_acf_changed":false,"_uag_custom_page_level_css":"","site-sidebar-layout":"default","site-content-layout":"","ast-site-content-layout":"default","site-content-style":"default","site-sidebar-style":"default","ast-global-header-display":"","ast-banner-title-visibility":"","ast-main-header-display":"","ast-hfb-above-header-display":"","ast-hfb-below-header-display":"","ast-hfb-mobile-header-display":"","site-post-title":"","ast-breadcrumbs-content":"","ast-featured-img":"","footer-sml-layout":"","ast-disable-related-posts":"","theme-transparent-header-meta":"","adv-header-id-meta":"","stick-header-meta":"","header-above-stick-meta":"","header-main-stick-meta":"","header-below-stick-meta":"","astra-migrate-meta-layouts":"set","ast-page-background-enabled":"default","ast-page-background-meta":{"desktop":{"background-color":"var(--ast-global-color-4)","background-image":"","background-repeat":"repeat","background-position":"center center","background-size":"auto","background-attachment":"scroll","background-type":"","background-media":"","overlay-type":"","overlay-color":"","overlay-opacity":"","overlay-gradient":""},"tablet":{"background-color":"","background-image":"","background-repeat":"repeat","background-position":"center center","background-size":"auto","background-attachment":"scroll","background-type":"","background-media":"","overlay-type":"","overlay-color":"","overlay-opacity":"","overlay-gradient":""},"mobile":{"background-color":"","background-image":"","background-repeat":"repeat","background-position":"center center","background-size":"auto","background-attachment":"scroll","background-type":"","background-media":"","overlay-type":"","overlay-color":"","overlay-opacity":"","overlay-gradient":""}},"ast-content-background-meta":{"desktop":{"background-color":"var(--ast-global-color-5)","background-image":"","background-repeat":"repeat","background-position":"center center","background-size":"auto","background-attachment":"scroll","background-type":"","background-media":"","overlay-type":"","overlay-color":"","overlay-opacity":"","overlay-gradient":""},"tablet":{"background-color":"var(--ast-global-color-5)","background-image":"","background-repeat":"repeat","background-position":"center center","background-size":"auto","background-attachment":"scroll","background-type":"","background-media":"","overlay-type":"","overlay-color":"","overlay-opacity":"","overlay-gradient":""},"mobile":{"background-color":"var(--ast-global-color-5)","background-image":"","background-repeat":"repeat","background-position":"center center","background-size":"auto","background-attachment":"scroll","background-type":"","background-media":"","overlay-type":"","overlay-color":"","overlay-opacity":"","overlay-gradient":""}},"footnotes":""},"class_list":["post-2495","page","type-page","status-publish","hentry"],"acf":[],"spectra_custom_meta":{"_wp_page_template":["template-legal.php"],"_wpml_word_count":["{\"total\":1362,\"to_translate\":{\"es\":1362}}"],"rank_math_internal_links_processed":["1"],"_uag_custom_page_level_css":[""],"ast-site-content-layout":["default"],"theme-transparent-header-meta":[""],"adv-header-id-meta":[""],"stick-header-meta":[""],"astra-migrate-meta-layouts":["set"],"footnotes":[""],"cmplz_hide_cookiebanner":[""],"_wpml_media_duplicate":["1"],"_wpml_media_featured":["1"],"rank_math_seo_score":["16"],"_wpml_location_migration_done":["1"],"_wpml_post_translation_editor_native":["yes"],"_edit_lock":["1736956233:4"],"_last_translation_edit_mode":["native-editor"],"_edit_last":["3"],"_uag_css_file_name":["uag-css-2495.css"],"_uag_page_assets":["a:9:{s:3:\"css\";s:4396:\".uagb-block-35dc9f98.is-grid .uagb-post__inner-wrap{padding-top: 20px;padding-bottom: 20px;padding-left: 20px;padding-right: 20px;box-shadow: 0px 0px 0 #00000070;}.uagb-block-35dc9f98.is-grid .uagb-post__inner-wrap .uagb-post__image:first-child{margin-left: -20px;margin-right: -20px;margin-top: -20px;}.uagb-block-35dc9f98:not(.is-grid) .uagb-post__inner-wrap > .uagb-post__text:last-child{margin-bottom: 20px;}.uagb-block-35dc9f98:not(.is-grid) .uagb-post__inner-wrap > .uagb-post__text:first-child{margin-top: 20px;}.uagb-block-35dc9f98:not(.is-grid).uagb-post__image-position-background .uagb-post__inner-wrap .uagb-post__text:nth-last-child(2) {margin-bottom: 20px;}.uagb-block-35dc9f98:not(.wp-block-uagb-post-carousel):not(.is-grid).uagb-post__items{margin-right: -10px;margin-left: -10px;}.uagb-block-35dc9f98:not(.is-grid).uagb-post__items article{padding-right: 10px;padding-left: 10px;margin-bottom: 20px;}.uagb-block-35dc9f98:not(.is-grid) .uagb-post__inner-wrap > .uagb-post__text{margin-left: 20px;margin-right: 20px;}.uagb-block-35dc9f98 .uagb-post__inner-wrap{background: #f6f6f6;text-align: left;}.uagb-block-35dc9f98 .uagb-post__inner-wrap .uagb-post__cta{padding-bottom: 0px;}.uagb-block-35dc9f98 .uagb-post__image {padding-bottom: 15px;}.uagb-block-35dc9f98 .uagb-post__title{padding-bottom: 15px;}.uagb-block-35dc9f98 .uagb-post-grid-byline{padding-bottom: 15px;}.uagb-block-35dc9f98 .uagb-post__excerpt{padding-bottom: 25px;}.uagb-block-35dc9f98 .uagb-post__image:before{background-color: #000000;opacity: 0.5;}.uagb-block-35dc9f98.is-grid.uagb-post__items{row-gap: 20px;column-gap: 20px;}.uagb-block-35dc9f98.wp-block-uagb-post-grid.is-grid{grid-template-columns: repeat(3 , minmax(0, 1fr));}.uagb-block-35dc9f98.is-grid .uagb-post__inner-wrap:hover{box-shadow: 0px 0px 0 #00000070;}.uagb-block-35dc9f98 .uagb-post__inner-wrap .uagb-post__taxonomy.highlighted{color: #fff;background: #3182ce;}.uagb-block-35dc9f98 .uagb-post__inner-wrap .uagb-post__taxonomy.highlighted a{color: #fff;}.uagb-block-35dc9f98.uagb-post-grid .wp-block-button.uagb-post__text.uagb-post__cta .uagb-text-link.wp-block-button__link {0: ;0: ;0: ;0: ;0: ;0: ;0: ;0: ;0: ;0: none;border-style: none;}.uagb-block-35dc9f98 .uagb-post-pagination-wrap{margin-top: 20px;justify-content: left;margin-left: 10px;}.uagb-block-35dc9f98 .uagb-post-pagination-wrap .page-numbers.current{background-color: #e4e4e4;color: #333333;}.uagb-block-35dc9f98 .uagb-post-pagination-wrap a{background-color: #e4e4e4;color: #777777;}.uagb-block-35dc9f98.uagb-equal_height_inline-read-more-buttons .uagb-post__inner-wrap .uagb-post__text:last-child{left: 20px;right: 20px;}.uagb-block-35dc9f98.wp-block-uagb-post-grid .uag-post-grid-wrapper{padding-right: 20px;padding-left: 20px;width: 100%;display: flex;flex-direction: column;justify-content: center;}@media only screen and (max-width: 976px) {.uagb-block-35dc9f98.wp-block-uagb-post-grid.is-grid{grid-template-columns: repeat(2 , minmax(0, 1fr));}.uagb-block-35dc9f98.is-grid.uagb-post__items{row-gap: 20px;column-gap: 20px;}.uagb-block-35dc9f98:not(.is-grid).uagb-post__items article{padding-right: 10px;padding-left: 10px;margin-bottom: 20px;}.uagb-block-35dc9f98:not(.is-grid).uagb-post__items{margin-right: -10px;margin-left: -10px;}.uagb-block-35dc9f98.is-grid .uagb-post__inner-wrap .uagb-post__image:first-child{margin-left: 0px;margin-right: 0px;margin-top: 0px;}.uagb-block-35dc9f98.uagb-post-grid .wp-block-button.uagb-post__text.uagb-post__cta .uagb-text-link.wp-block-button__link {border-style: none;}.uagb-block-35dc9f98 .uagb-post__cta a{border-style: none;}}@media only screen and (max-width: 767px) {.uagb-block-35dc9f98.wp-block-uagb-post-grid.is-grid{grid-template-columns: repeat(1 , minmax(0, 1fr));}.uagb-block-35dc9f98.is-grid.uagb-post__items{row-gap: 20px;column-gap: 20px;}.uagb-block-35dc9f98:not(.is-grid).uagb-post__items article{padding-right: 10px;padding-left: 10px;margin-bottom: 20px;}.uagb-block-35dc9f98:not(.is-grid).uagb-post__items{margin-right: -10px;margin-left: -10px;}.uagb-block-35dc9f98.is-grid .uagb-post__inner-wrap .uagb-post__image:first-child{margin-left: 0px;margin-right: 0px;margin-top: 0px;}.uagb-block-35dc9f98.uagb-post-grid .wp-block-button.uagb-post__text.uagb-post__cta .uagb-text-link.wp-block-button__link {border-style: none;}.uagb-block-35dc9f98.wp-block-uagb-post-grid .uag-post-grid-wrapper{width: unset;}}\";s:2:\"js\";s:0:\"\";s:18:\"current_block_list\";a:11:{i:0;s:14:\"core\/paragraph\";i:1;s:12:\"core\/heading\";i:2;s:9:\"core\/list\";i:3;s:14:\"core\/list-item\";i:4;s:11:\"core\/search\";i:5;s:10:\"core\/group\";i:6;s:17:\"core\/latest-posts\";i:7;s:20:\"core\/latest-comments\";i:8;s:13:\"core\/archives\";i:9;s:15:\"core\/categories\";i:10;s:14:\"uagb\/post-grid\";}s:8:\"uag_flag\";b:1;s:11:\"uag_version\";s:10:\"1775276537\";s:6:\"gfonts\";a:1:{s:7:\"Default\";a:2:{s:10:\"fontfamily\";s:7:\"Default\";s:12:\"fontvariants\";a:0:{}}}s:10:\"gfonts_url\";s:0:\"\";s:12:\"gfonts_files\";a:0:{}s:14:\"uag_faq_layout\";b:0;}"]},"uagb_featured_image_src":{"full":false,"thumbnail":false,"medium":false,"medium_large":false,"large":false,"1536x1536":false,"2048x2048":false,"gform-image-choice-sm":false,"gform-image-choice-md":false,"gform-image-choice-lg":false},"uagb_author_info":{"display_name":"Pablo","author_link":"https:\/\/biodiversitynode.com\/es\/author\/pablo\/"},"uagb_comment_info":0,"uagb_excerpt":"El presente aviso legal incluye las condiciones de uso que regulan el acceso, navegaci\u00f3n y uso de la Web de Biodiversity Node SL, ubicada en la URL\u00a0https:\/\/biodiversitynode.com\/ 1. Titularidad 2. Condiciones, objeto y \u00e1mbito de aplicaci\u00f3n El sitio Web de Biodiversity Node SL ha sido dispuesto por Biodiversity Node SL (en adelante Biodiversity Node) para&hellip;","_links":{"self":[{"href":"https:\/\/biodiversitynode.com\/es\/wp-json\/wp\/v2\/pages\/2495","targetHints":{"allow":["GET"]}}],"collection":[{"href":"https:\/\/biodiversitynode.com\/es\/wp-json\/wp\/v2\/pages"}],"about":[{"href":"https:\/\/biodiversitynode.com\/es\/wp-json\/wp\/v2\/types\/page"}],"author":[{"embeddable":true,"href":"https:\/\/biodiversitynode.com\/es\/wp-json\/wp\/v2\/users\/3"}],"replies":[{"embeddable":true,"href":"https:\/\/biodiversitynode.com\/es\/wp-json\/wp\/v2\/comments?post=2495"}],"version-history":[{"count":1,"href":"https:\/\/biodiversitynode.com\/es\/wp-json\/wp\/v2\/pages\/2495\/revisions"}],"predecessor-version":[{"id":2496,"href":"https:\/\/biodiversitynode.com\/es\/wp-json\/wp\/v2\/pages\/2495\/revisions\/2496"}],"wp:attachment":[{"href":"https:\/\/biodiversitynode.com\/es\/wp-json\/wp\/v2\/media?parent=2495"}],"curies":[{"name":"wp","href":"https:\/\/api.w.org\/{rel}","templated":true}]}}