{"id":2275,"date":"2024-04-24T12:16:46","date_gmt":"2024-04-24T10:16:46","guid":{"rendered":"https:\/\/biodiversitynode.com\/contact\/"},"modified":"2025-01-14T13:52:37","modified_gmt":"2025-01-14T12:52:37","slug":"contact","status":"publish","type":"page","link":"https:\/\/biodiversitynode.com\/es\/contact\/","title":{"rendered":"Contacto"},"content":{"rendered":"\n<div class=\"wp-block-uagb-advanced-heading uagb-block-d989be66 page-heading\"><h1 class=\"uagb-heading-text\">Contacto<\/h1><p class=\"uagb-desc-text\">Rellene el siguiente formulario y nos pondremos en contacto con usted lo antes posible.<\/p><\/div>\n\n\n<script>\nvar gform;gform||(document.addEventListener(\"gform_main_scripts_loaded\",function(){gform.scriptsLoaded=!0}),document.addEventListener(\"gform\/theme\/scripts_loaded\",function(){gform.themeScriptsLoaded=!0}),window.addEventListener(\"DOMContentLoaded\",function(){gform.domLoaded=!0}),gform={domLoaded:!1,scriptsLoaded:!1,themeScriptsLoaded:!1,isFormEditor:()=>\"function\"==typeof InitializeEditor,callIfLoaded:function(o){return!(!gform.domLoaded||!gform.scriptsLoaded||!gform.themeScriptsLoaded&&!gform.isFormEditor()||(gform.isFormEditor()&&console.warn(\"The use of gform.initializeOnLoaded() is deprecated in the form editor context and will be removed in Gravity Forms 3.1.\"),o(),0))},initializeOnLoaded:function(o){gform.callIfLoaded(o)||(document.addEventListener(\"gform_main_scripts_loaded\",()=>{gform.scriptsLoaded=!0,gform.callIfLoaded(o)}),document.addEventListener(\"gform\/theme\/scripts_loaded\",()=>{gform.themeScriptsLoaded=!0,gform.callIfLoaded(o)}),window.addEventListener(\"DOMContentLoaded\",()=>{gform.domLoaded=!0,gform.callIfLoaded(o)}))},hooks:{action:{},filter:{}},addAction:function(o,r,e,t){gform.addHook(\"action\",o,r,e,t)},addFilter:function(o,r,e,t){gform.addHook(\"filter\",o,r,e,t)},doAction:function(o){gform.doHook(\"action\",o,arguments)},applyFilters:function(o){return gform.doHook(\"filter\",o,arguments)},removeAction:function(o,r){gform.removeHook(\"action\",o,r)},removeFilter:function(o,r,e){gform.removeHook(\"filter\",o,r,e)},addHook:function(o,r,e,t,n){null==gform.hooks[o][r]&&(gform.hooks[o][r]=[]);var d=gform.hooks[o][r];null==n&&(n=r+\"_\"+d.length),gform.hooks[o][r].push({tag:n,callable:e,priority:t=null==t?10:t})},doHook:function(r,o,e){var t;if(e=Array.prototype.slice.call(e,1),null!=gform.hooks[r][o]&&((o=gform.hooks[r][o]).sort(function(o,r){return o.priority-r.priority}),o.forEach(function(o){\"function\"!=typeof(t=o.callable)&&(t=window[t]),\"action\"==r?t.apply(null,e):e[0]=t.apply(null,e)})),\"filter\"==r)return e[0]},removeHook:function(o,r,t,n){var e;null!=gform.hooks[o][r]&&(e=(e=gform.hooks[o][r]).filter(function(o,r,e){return!!(null!=n&&n!=o.tag||null!=t&&t!=o.priority)}),gform.hooks[o][r]=e)}});\n<\/script>\n\n                <div class='gf_browser_gecko gform_wrapper gravity-theme gform-theme--no-framework' data-form-theme='gravity-theme' data-form-index='0' id='gform_wrapper_2' ><div id='gf_2' class='gform_anchor' tabindex='-1'><\/div>\n                        <div class='gform_heading'>\n\t\t\t\t\t\t\t<p class='gform_required_legend'><\/p>\n                        <\/div><form method='post' enctype='multipart\/form-data' target='gform_ajax_frame_2' id='gform_2'  action='\/es\/wp-json\/wp\/v2\/pages\/2275#gf_2' data-formid='2' novalidate>\n                        <div class='gform-body gform_body'><div id='gform_fields_2' class='gform_fields top_label form_sublabel_below description_below validation_below'><div id=\"field_2_1\" class=\"gfield gfield--type-text gfield--input-type-text gfield--width-half gfield_contains_required field_sublabel_below gfield--no-description field_description_below hidden_label field_validation_below gfield_visibility_visible\"  ><label class='gfield_label gform-field-label' for='input_2_1'>Name<span class=\"gfield_required\"><span class=\"gfield_required gfield_required_asterisk\">*<\/span><\/span><\/label><div class='ginput_container ginput_container_text'><input name='input_1' id='input_2_1' type='text' value='' class='large'    placeholder='Tu nombre' aria-required=\"true\" aria-invalid=\"false\"   \/><\/div><\/div><div id=\"field_2_3\" class=\"gfield gfield--type-email gfield--input-type-email gfield--width-half gfield_contains_required field_sublabel_below gfield--no-description field_description_below hidden_label field_validation_below gfield_visibility_visible\"  ><label class='gfield_label gform-field-label' for='input_2_3'>Correo electr\u00f3nico<span class=\"gfield_required\"><span class=\"gfield_required gfield_required_asterisk\">*<\/span><\/span><\/label><div class='ginput_container ginput_container_email'>\n                            <input name='input_3' id='input_2_3' type='email' value='' class='large'   placeholder='Tu correo electr\u00f3nico' aria-required=\"true\" aria-invalid=\"false\"  \/>\n                        <\/div><\/div><div id=\"field_2_4\" class=\"gfield gfield--type-textarea gfield--input-type-textarea gfield_contains_required field_sublabel_below gfield--no-description field_description_below hidden_label field_validation_below gfield_visibility_visible\"  ><label class='gfield_label gform-field-label' for='input_2_4'>Mensaje<span class=\"gfield_required\"><span class=\"gfield_required gfield_required_asterisk\">*<\/span><\/span><\/label><div class='ginput_container ginput_container_textarea'><textarea name='input_4' id='input_2_4' class='textarea large'    placeholder='Por favor escribe el mensaje' aria-required=\"true\" aria-invalid=\"false\"   rows='10' cols='50'><\/textarea><\/div><\/div><fieldset id=\"field_2_5\" class=\"gfield gfield--type-consent gfield--type-choice gfield--input-type-consent gfield_contains_required field_sublabel_below gfield--has-description field_description_below hidden_label field_validation_below gfield_visibility_visible\"  ><legend class='gfield_label gform-field-label gfield_label_before_complex' >Consentimiento<span class=\"gfield_required\"><span class=\"gfield_required gfield_required_asterisk\">*<\/span><\/span><\/legend><div class='ginput_container ginput_container_consent'><input name='input_5.1' id='input_2_5_1' type='checkbox' value='1'  aria-describedby=\"gfield_consent_description_2_5\" aria-required=\"true\" aria-invalid=\"false\"   \/> <label class=\"gform-field-label gform-field-label--type-inline gfield_consent_label\" for='input_2_5_1' >Estoy de acuerdo con la <a href=\"https:\/\/2024.biodiversitynode.com\/es\/privacy-policy\/\">pol\u00edtica de privacidad<\/a><span class=\"gfield_required gfield_required_asterisk\">*<\/span><\/label><input type='hidden' name='input_5.2' value='Estoy de acuerdo con la &lt;a href=&quot;https:\/\/2024.biodiversitynode.com\/es\/privacy-policy\/&quot;&gt;pol\u00edtica de privacidad&lt;\/a&gt;' class='gform_hidden' \/><input type='hidden' name='input_5.3' value='3' class='gform_hidden' \/><\/div><div class='gfield_description gfield_consent_description' id='gfield_consent_description_2_5' tabindex='0'>El responsable del tratamiento es BiodiversityNode con la finalidad de responder al formulario de contacto. La legitimaci\u00f3n es por consentimiento del interesado sin destinatarios ya que no se ceder\u00e1n datos a terceros salvo obligaci\u00f3n legal. El usuario tiene derecho a acceder, rectificar y suprimir sus datos, as\u00ed como a ejercitar otros derechos dirigi\u00e9ndose al responsable del tratamiento tal y como se explica en la <a href=\"https:\/\/2024.biodiversitynode.com\/es\/privacy-policy\/\">informaci\u00f3n adicional<\/a>.<\/div><\/fieldset><\/div><\/div>\n        <div class='gform-footer gform_footer top_label'> <input type='submit' id='gform_submit_button_2' class='gform_button button' onclick='gform.submission.handleButtonClick(this);' data-submission-type='submit' value='Enviar'  \/> <input type='hidden' name='gform_ajax' value='form_id=2&amp;title=&amp;description=&amp;tabindex=0&amp;theme=gravity-theme&amp;styles={&quot;inputPrimaryColor&quot;:&quot;#204ce5&quot;}&amp;hash=58ed1ee97aa21021052bdf1cbf4e1a40' \/>\n            <input type='hidden' class='gform_hidden' name='gform_submission_method' data-js='gform_submission_method_2' value='iframe' \/>\n            <input type='hidden' class='gform_hidden' name='gform_theme' data-js='gform_theme_2' id='gform_theme_2' value='gravity-theme' \/>\n            <input type='hidden' class='gform_hidden' name='gform_style_settings' data-js='gform_style_settings_2' id='gform_style_settings_2' value='{&quot;inputPrimaryColor&quot;:&quot;#204ce5&quot;}' \/>\n            <input type='hidden' class='gform_hidden' name='is_submit_2' value='1' \/>\n            <input type='hidden' class='gform_hidden' name='gform_submit' value='2' \/>\n            \n            <input type='hidden' class='gform_hidden' name='gform_currency' data-currency='EUR' value='ode6DYzyFZ6CX9NAmiBkuNGOIyMbB4qWjgb+Yw5iLnMwAvd4VtGSx3Ht7V0QRqgs5b\/Yybhvtx02MY5cvrHEdgssX1nuvwRz2Lsops4+uFHMJMo=' \/>\n            <input type='hidden' class='gform_hidden' name='gform_unique_id' value='' \/>\n            <input type='hidden' class='gform_hidden' name='state_2' value='WyJ7XCI1LjFcIjpcImE2OTNhYjk0MGFiYTYxNzJkMmVlYWE4ZDhhYWQzNTBkXCIsXCI1LjJcIjpcIjkxMzM0YzFmN2FjYmY3MGU5ZmIzYzdmOGIyNDY4ZmZmXCIsXCI1LjNcIjpcIjNhZjlkNGQ2ZTc2MWM3YjFjNTQxY2ZmNDFmMTU3OGU5XCJ9IiwiOTk2MzlhNmU3M2RjYWNhN2E0N2E4ZTFjNmNjZDk0ZDgiXQ==' \/>\n            <input type='hidden' autocomplete='off' class='gform_hidden' name='gform_target_page_number_2' id='gform_target_page_number_2' value='0' \/>\n            <input type='hidden' autocomplete='off' class='gform_hidden' name='gform_source_page_number_2' id='gform_source_page_number_2' value='1' \/>\n            <input type='hidden' name='gform_field_values' value='' \/>\n            \n        <\/div>\n                        <\/form>\n                        <\/div>\n\t\t                <iframe style='display:none;width:0px;height:0px;' src='about:blank' name='gform_ajax_frame_2' id='gform_ajax_frame_2' title='Este iframe contiene la l\u00f3gica necesaria para gestionar formularios con ajax activado.'><\/iframe>\n\t\t                <script>\ngform.initializeOnLoaded( function() {gformInitSpinner( 2, 'https:\/\/biodiversitynode.com\/wp-content\/plugins\/gravityforms\/images\/spinner.svg', true );jQuery('#gform_ajax_frame_2').on('load',function(){var contents = jQuery(this).contents().find('*').html();var is_postback = contents.indexOf('GF_AJAX_POSTBACK') >= 0;if(!is_postback){return;}var form_content = jQuery(this).contents().find('#gform_wrapper_2');var is_confirmation = jQuery(this).contents().find('#gform_confirmation_wrapper_2').length > 0;var is_redirect = contents.indexOf('gformRedirect(){') >= 0;var is_form = form_content.length > 0 && ! is_redirect && ! is_confirmation;var mt = parseInt(jQuery('html').css('margin-top'), 10) + parseInt(jQuery('body').css('margin-top'), 10) + 100;if(is_form){jQuery('#gform_wrapper_2').html(form_content.html());if(form_content.hasClass('gform_validation_error')){jQuery('#gform_wrapper_2').addClass('gform_validation_error');} else {jQuery('#gform_wrapper_2').removeClass('gform_validation_error');}setTimeout( function() { \/* delay the scroll by 50 milliseconds to fix a bug in chrome *\/ jQuery(document).scrollTop(jQuery('#gform_wrapper_2').offset().top - mt); }, 50 );if(window['gformInitDatepicker']) {gformInitDatepicker();}if(window['gformInitPriceFields']) {gformInitPriceFields();}var current_page = jQuery('#gform_source_page_number_2').val();gformInitSpinner( 2, 'https:\/\/biodiversitynode.com\/wp-content\/plugins\/gravityforms\/images\/spinner.svg', true );jQuery(document).trigger('gform_page_loaded', [2, current_page]);window['gf_submitting_2'] = false;}else if(!is_redirect){var confirmation_content = jQuery(this).contents().find('.GF_AJAX_POSTBACK').html();if(!confirmation_content){confirmation_content = contents;}jQuery('#gform_wrapper_2').replaceWith(confirmation_content);jQuery(document).scrollTop(jQuery('#gf_2').offset().top - mt);jQuery(document).trigger('gform_confirmation_loaded', [2]);window['gf_submitting_2'] = false;wp.a11y.speak(jQuery('#gform_confirmation_message_2').text());}else{jQuery('#gform_2').append(contents);if(window['gformRedirect']) {gformRedirect();}}jQuery(document).trigger(\"gform_pre_post_render\", [{ formId: \"2\", currentPage: \"current_page\", abort: function() { this.preventDefault(); } }]);        if (event && event.defaultPrevented) {                return;        }        const gformWrapperDiv = document.getElementById( \"gform_wrapper_2\" );        if ( gformWrapperDiv ) {            const visibilitySpan = document.createElement( \"span\" );            visibilitySpan.id = \"gform_visibility_test_2\";            gformWrapperDiv.insertAdjacentElement( \"afterend\", visibilitySpan );        }        const visibilityTestDiv = document.getElementById( \"gform_visibility_test_2\" );        let postRenderFired = false;        function triggerPostRender() {            if ( postRenderFired ) {                return;            }            postRenderFired = true;            gform.core.triggerPostRenderEvents( 2, current_page );            if ( visibilityTestDiv ) {                visibilityTestDiv.parentNode.removeChild( visibilityTestDiv );            }        }        function debounce( func, wait, immediate ) {            var timeout;            return function() {                var context = this, args = arguments;                var later = function() {                    timeout = null;                    if ( !immediate ) func.apply( context, args );                };                var callNow = immediate && !timeout;                clearTimeout( timeout );                timeout = setTimeout( later, wait );                if ( callNow ) func.apply( context, args );            };        }        const debouncedTriggerPostRender = debounce( function() {            triggerPostRender();        }, 200 );        if ( visibilityTestDiv && visibilityTestDiv.offsetParent === null ) {            const observer = new MutationObserver( ( mutations ) => {                mutations.forEach( ( mutation ) => {                    if ( mutation.type === 'attributes' && visibilityTestDiv.offsetParent !== null ) {                        debouncedTriggerPostRender();                        observer.disconnect();                    }                });            });            observer.observe( document.body, {                attributes: true,                childList: false,                subtree: true,                attributeFilter: [ 'style', 'class' ],            });        } else {            triggerPostRender();        }    } );} );\n<\/script>\n","protected":false},"excerpt":{"rendered":"<p>Contacto Rellene el siguiente formulario y nos pondremos en contacto con usted lo antes posible.<\/p>\n","protected":false},"author":3,"featured_media":0,"parent":0,"menu_order":0,"comment_status":"closed","ping_status":"closed","template":"","meta":{"_acf_changed":false,"_uag_custom_page_level_css":"","site-sidebar-layout":"default","site-content-layout":"","ast-site-content-layout":"default","site-content-style":"default","site-sidebar-style":"default","ast-global-header-display":"","ast-banner-title-visibility":"","ast-main-header-display":"","ast-hfb-above-header-display":"","ast-hfb-below-header-display":"","ast-hfb-mobile-header-display":"","site-post-title":"disabled","ast-breadcrumbs-content":"","ast-featured-img":"","footer-sml-layout":"","ast-disable-related-posts":"","theme-transparent-header-meta":"","adv-header-id-meta":"","stick-header-meta":"","header-above-stick-meta":"","header-main-stick-meta":"","header-below-stick-meta":"","astra-migrate-meta-layouts":"set","ast-page-background-enabled":"default","ast-page-background-meta":{"desktop":{"background-color":"var(--ast-global-color-4)","background-image":"","background-repeat":"repeat","background-position":"center center","background-size":"auto","background-attachment":"scroll","background-type":"","background-media":"","overlay-type":"","overlay-color":"","overlay-opacity":"","overlay-gradient":""},"tablet":{"background-color":"","background-image":"","background-repeat":"repeat","background-position":"center center","background-size":"auto","background-attachment":"scroll","background-type":"","background-media":"","overlay-type":"","overlay-color":"","overlay-opacity":"","overlay-gradient":""},"mobile":{"background-color":"","background-image":"","background-repeat":"repeat","background-position":"center center","background-size":"auto","background-attachment":"scroll","background-type":"","background-media":"","overlay-type":"","overlay-color":"","overlay-opacity":"","overlay-gradient":""}},"ast-content-background-meta":{"desktop":{"background-color":"var(--ast-global-color-5)","background-image":"","background-repeat":"repeat","background-position":"center center","background-size":"auto","background-attachment":"scroll","background-type":"","background-media":"","overlay-type":"","overlay-color":"","overlay-opacity":"","overlay-gradient":""},"tablet":{"background-color":"var(--ast-global-color-5)","background-image":"","background-repeat":"repeat","background-position":"center center","background-size":"auto","background-attachment":"scroll","background-type":"","background-media":"","overlay-type":"","overlay-color":"","overlay-opacity":"","overlay-gradient":""},"mobile":{"background-color":"var(--ast-global-color-5)","background-image":"","background-repeat":"repeat","background-position":"center center","background-size":"auto","background-attachment":"scroll","background-type":"","background-media":"","overlay-type":"","overlay-color":"","overlay-opacity":"","overlay-gradient":""}},"footnotes":""},"class_list":["post-2275","page","type-page","status-publish","hentry"],"acf":[],"spectra_custom_meta":{"_wpml_word_count":["{\"total\":18,\"to_translate\":{\"es\":18}}"],"rank_math_internal_links_processed":["1"],"rank_math_seo_score":["8"],"_uag_custom_page_level_css":[""],"ast-site-content-layout":["default"],"site-post-title":["disabled"],"theme-transparent-header-meta":[""],"adv-header-id-meta":[""],"stick-header-meta":[""],"astra-migrate-meta-layouts":["set"],"footnotes":[""],"cmplz_hide_cookiebanner":[""],"_wpml_media_duplicate":["1"],"_wpml_media_featured":["1"],"_wpml_location_migration_done":["1"],"_wpml_post_translation_editor_native":["yes"],"_edit_lock":["1736956223:4"],"_last_translation_edit_mode":["native-editor"],"_edit_last":["3"],"_wp_page_template":[""],"_uag_css_file_name":["uag-css-2275.css"],"_uag_page_assets":["a:9:{s:3:\"css\";s:6760:\".wp-block-uagb-advanced-heading.uagb-block-d989be66.wp-block-uagb-advanced-heading .uagb-heading-text{background: linear-gradient(84deg,rgb(41,103,124) 0%,rgb(184,235,84) 100%);-webkit-background-clip: text;-webkit-text-fill-color: transparent;filter: drop-shadow(  );}.wp-block-uagb-advanced-heading.uagb-block-d989be66.wp-block-uagb-advanced-heading {text-align: center;margin-top: 48px;margin-right: 0px;margin-bottom: 48px;margin-left: 0px;}.wp-block-uagb-advanced-heading.uagb-block-d989be66.wp-block-uagb-advanced-heading .uagb-desc-text{color: var(--ast-global-color-3);margin-bottom: 16px;}.wp-block-uagb-advanced-heading.uagb-block-d989be66.wp-block-uagb-advanced-heading .uagb-highlight{font-style: normal;font-weight: Default;background: #007cba;color: #fff;-webkit-text-fill-color: #fff;}.wp-block-uagb-advanced-heading.uagb-block-d989be66.wp-block-uagb-advanced-heading .uagb-highlight::-moz-selection{color: #fff;background: #007cba;-webkit-text-fill-color: #fff;}.wp-block-uagb-advanced-heading.uagb-block-d989be66.wp-block-uagb-advanced-heading .uagb-highlight::selection{color: #fff;background: #007cba;-webkit-text-fill-color: #fff;}.wp-block-uagb-advanced-heading.uagb-block-d989be66 .uagb-heading-text{font-size: 64px;line-height: 1.1em;letter-spacing: -2px;margin-bottom: 16px;}.wp-block-uagb-advanced-heading.uagb-block-d989be66 .uagb-desc-text{text-transform: none;font-weight: 500;font-size: 32px;line-height: 1em;}@media only screen and (max-width: 976px) {.wp-block-uagb-advanced-heading.uagb-block-d989be66.wp-block-uagb-advanced-heading {text-align: center;margin-top: 24px;margin-right: 0px;margin-bottom: 24px;margin-left: 0px;}.wp-block-uagb-advanced-heading.uagb-block-d989be66.wp-block-uagb-advanced-heading .uagb-desc-text{margin-bottom: 32px;}.wp-block-uagb-advanced-heading.uagb-block-d989be66 .uagb-heading-text{font-size: 48px;margin-bottom: 16px;}.wp-block-uagb-advanced-heading.uagb-block-d989be66 .uagb-desc-text{font-size: 24px;}}@media only screen and (max-width: 767px) {.wp-block-uagb-advanced-heading.uagb-block-d989be66.wp-block-uagb-advanced-heading {text-align: center;margin-top: 24px;margin-right: 0px;margin-bottom: 0px;margin-left: 0px;}.wp-block-uagb-advanced-heading.uagb-block-d989be66 .uagb-heading-text{font-size: 32px;}.wp-block-uagb-advanced-heading.uagb-block-d989be66 .uagb-desc-text{font-size: 20px;}}.uagb-block-35dc9f98.is-grid .uagb-post__inner-wrap{padding-top: 20px;padding-bottom: 20px;padding-left: 20px;padding-right: 20px;box-shadow: 0px 0px 0 #00000070;}.uagb-block-35dc9f98.is-grid .uagb-post__inner-wrap .uagb-post__image:first-child{margin-left: -20px;margin-right: -20px;margin-top: -20px;}.uagb-block-35dc9f98:not(.is-grid) .uagb-post__inner-wrap > .uagb-post__text:last-child{margin-bottom: 20px;}.uagb-block-35dc9f98:not(.is-grid) .uagb-post__inner-wrap > .uagb-post__text:first-child{margin-top: 20px;}.uagb-block-35dc9f98:not(.is-grid).uagb-post__image-position-background .uagb-post__inner-wrap .uagb-post__text:nth-last-child(2) {margin-bottom: 20px;}.uagb-block-35dc9f98:not(.wp-block-uagb-post-carousel):not(.is-grid).uagb-post__items{margin-right: -10px;margin-left: -10px;}.uagb-block-35dc9f98:not(.is-grid).uagb-post__items article{padding-right: 10px;padding-left: 10px;margin-bottom: 20px;}.uagb-block-35dc9f98:not(.is-grid) .uagb-post__inner-wrap > .uagb-post__text{margin-left: 20px;margin-right: 20px;}.uagb-block-35dc9f98 .uagb-post__inner-wrap{background: #f6f6f6;text-align: left;}.uagb-block-35dc9f98 .uagb-post__inner-wrap .uagb-post__cta{padding-bottom: 0px;}.uagb-block-35dc9f98 .uagb-post__image {padding-bottom: 15px;}.uagb-block-35dc9f98 .uagb-post__title{padding-bottom: 15px;}.uagb-block-35dc9f98 .uagb-post-grid-byline{padding-bottom: 15px;}.uagb-block-35dc9f98 .uagb-post__excerpt{padding-bottom: 25px;}.uagb-block-35dc9f98 .uagb-post__image:before{background-color: #000000;opacity: 0.5;}.uagb-block-35dc9f98.is-grid.uagb-post__items{row-gap: 20px;column-gap: 20px;}.uagb-block-35dc9f98.wp-block-uagb-post-grid.is-grid{grid-template-columns: repeat(3 , minmax(0, 1fr));}.uagb-block-35dc9f98.is-grid .uagb-post__inner-wrap:hover{box-shadow: 0px 0px 0 #00000070;}.uagb-block-35dc9f98 .uagb-post__inner-wrap .uagb-post__taxonomy.highlighted{color: #fff;background: #3182ce;}.uagb-block-35dc9f98 .uagb-post__inner-wrap .uagb-post__taxonomy.highlighted a{color: #fff;}.uagb-block-35dc9f98.uagb-post-grid .wp-block-button.uagb-post__text.uagb-post__cta .uagb-text-link.wp-block-button__link {0: ;0: ;0: ;0: ;0: ;0: ;0: ;0: ;0: ;0: none;border-style: none;}.uagb-block-35dc9f98 .uagb-post-pagination-wrap{margin-top: 20px;justify-content: left;margin-left: 10px;}.uagb-block-35dc9f98 .uagb-post-pagination-wrap .page-numbers.current{background-color: #e4e4e4;color: #333333;}.uagb-block-35dc9f98 .uagb-post-pagination-wrap a{background-color: #e4e4e4;color: #777777;}.uagb-block-35dc9f98.uagb-equal_height_inline-read-more-buttons .uagb-post__inner-wrap .uagb-post__text:last-child{left: 20px;right: 20px;}.uagb-block-35dc9f98.wp-block-uagb-post-grid .uag-post-grid-wrapper{padding-right: 20px;padding-left: 20px;width: 100%;display: flex;flex-direction: column;justify-content: center;}@media only screen and (max-width: 976px) {.uagb-block-35dc9f98.wp-block-uagb-post-grid.is-grid{grid-template-columns: repeat(2 , minmax(0, 1fr));}.uagb-block-35dc9f98.is-grid.uagb-post__items{row-gap: 20px;column-gap: 20px;}.uagb-block-35dc9f98:not(.is-grid).uagb-post__items article{padding-right: 10px;padding-left: 10px;margin-bottom: 20px;}.uagb-block-35dc9f98:not(.is-grid).uagb-post__items{margin-right: -10px;margin-left: -10px;}.uagb-block-35dc9f98.is-grid .uagb-post__inner-wrap .uagb-post__image:first-child{margin-left: 0px;margin-right: 0px;margin-top: 0px;}.uagb-block-35dc9f98.uagb-post-grid .wp-block-button.uagb-post__text.uagb-post__cta .uagb-text-link.wp-block-button__link {border-style: none;}.uagb-block-35dc9f98 .uagb-post__cta a{border-style: none;}}@media only screen and (max-width: 767px) {.uagb-block-35dc9f98.wp-block-uagb-post-grid.is-grid{grid-template-columns: repeat(1 , minmax(0, 1fr));}.uagb-block-35dc9f98.is-grid.uagb-post__items{row-gap: 20px;column-gap: 20px;}.uagb-block-35dc9f98:not(.is-grid).uagb-post__items article{padding-right: 10px;padding-left: 10px;margin-bottom: 20px;}.uagb-block-35dc9f98:not(.is-grid).uagb-post__items{margin-right: -10px;margin-left: -10px;}.uagb-block-35dc9f98.is-grid .uagb-post__inner-wrap .uagb-post__image:first-child{margin-left: 0px;margin-right: 0px;margin-top: 0px;}.uagb-block-35dc9f98.uagb-post-grid .wp-block-button.uagb-post__text.uagb-post__cta .uagb-text-link.wp-block-button__link {border-style: none;}.uagb-block-35dc9f98.wp-block-uagb-post-grid .uag-post-grid-wrapper{width: unset;}}\";s:2:\"js\";s:0:\"\";s:18:\"current_block_list\";a:11:{i:0;s:21:\"uagb\/advanced-heading\";i:1;s:17:\"gravityforms\/form\";i:2;s:11:\"core\/search\";i:3;s:10:\"core\/group\";i:4;s:12:\"core\/heading\";i:5;s:17:\"core\/latest-posts\";i:6;s:20:\"core\/latest-comments\";i:7;s:13:\"core\/archives\";i:8;s:15:\"core\/categories\";i:9;s:14:\"uagb\/post-grid\";i:10;s:14:\"core\/paragraph\";}s:8:\"uag_flag\";b:1;s:11:\"uag_version\";s:10:\"1775210482\";s:6:\"gfonts\";a:1:{s:7:\"Default\";a:2:{s:10:\"fontfamily\";s:7:\"Default\";s:12:\"fontvariants\";a:0:{}}}s:10:\"gfonts_url\";s:0:\"\";s:12:\"gfonts_files\";a:0:{}s:14:\"uag_faq_layout\";b:0;}"]},"uagb_featured_image_src":{"full":false,"thumbnail":false,"medium":false,"medium_large":false,"large":false,"1536x1536":false,"2048x2048":false,"gform-image-choice-sm":false,"gform-image-choice-md":false,"gform-image-choice-lg":false},"uagb_author_info":{"display_name":"Pablo","author_link":"https:\/\/biodiversitynode.com\/es\/author\/pablo\/"},"uagb_comment_info":0,"uagb_excerpt":"Contacto Rellene el siguiente formulario y nos pondremos en contacto con usted lo antes posible.","_links":{"self":[{"href":"https:\/\/biodiversitynode.com\/es\/wp-json\/wp\/v2\/pages\/2275","targetHints":{"allow":["GET"]}}],"collection":[{"href":"https:\/\/biodiversitynode.com\/es\/wp-json\/wp\/v2\/pages"}],"about":[{"href":"https:\/\/biodiversitynode.com\/es\/wp-json\/wp\/v2\/types\/page"}],"author":[{"embeddable":true,"href":"https:\/\/biodiversitynode.com\/es\/wp-json\/wp\/v2\/users\/3"}],"replies":[{"embeddable":true,"href":"https:\/\/biodiversitynode.com\/es\/wp-json\/wp\/v2\/comments?post=2275"}],"version-history":[{"count":3,"href":"https:\/\/biodiversitynode.com\/es\/wp-json\/wp\/v2\/pages\/2275\/revisions"}],"predecessor-version":[{"id":2575,"href":"https:\/\/biodiversitynode.com\/es\/wp-json\/wp\/v2\/pages\/2275\/revisions\/2575"}],"wp:attachment":[{"href":"https:\/\/biodiversitynode.com\/es\/wp-json\/wp\/v2\/media?parent=2275"}],"curies":[{"name":"wp","href":"https:\/\/api.w.org\/{rel}","templated":true}]}}